{"id":3285,"date":"2025-09-23T10:49:09","date_gmt":"2025-09-23T08:49:09","guid":{"rendered":"https:\/\/pensioncredencial.com\/aviso-legal\/"},"modified":"2026-03-23T13:25:56","modified_gmt":"2026-03-23T12:25:56","slug":"aviso-legal","status":"publish","type":"page","link":"https:\/\/pensioncredencial.com\/gl\/aviso-legal\/","title":{"rendered":"Aviso legal"},"content":{"rendered":"\n<p>Este Aviso Legal regula o acceso, a navegaci\u00f3n e o uso do sitio web <strong><a href=\"https:\/\/pensioncredencial.com\/gl\/\">www.pensioncredencial.com<\/a><\/strong> (en diante, o &#8220;Sitio Web&#8221;), propiedade de <strong>Trevijano P\u00e9rez SL<\/strong> , a trav\u00e9s do cal se ofrece informaci\u00f3n sobre os servizos de aloxamento prestados por <strong>Pensi\u00f3n Credencial<\/strong> .<\/p>\n\n<p>O acceso e uso do sitio web atrib\u00fae a condici\u00f3n de usuario e implica a aceptaci\u00f3n plena e sen reservas de todas as condici\u00f3ns inclu\u00eddas neste Aviso Legal.<\/p>\n\n<hr class=\"wp-block-separator has-alpha-channel-opacity\"\/>\n\n<h2 class=\"wp-block-heading\">\u00cdNDICE DE AVISO LEGAL<\/h2>\n\n<ol class=\"wp-block-list\">\n<li>Datos identificativos<\/li>\n\n\n\n<li>Usuarios<\/li>\n\n\n\n<li>Uso do portal<\/li>\n\n\n\n<li>Uso de cookies<\/li>\n\n\n\n<li>Propiedade intelectual e industrial<\/li>\n\n\n\n<li>Exclusi\u00f3n de garant\u00edas e responsabilidade<\/li>\n\n\n\n<li>Modificaci\u00f3ns<\/li>\n\n\n\n<li>Ligaz\u00f3ns<\/li>\n\n\n\n<li>Dereito de exclusi\u00f3n<\/li>\n\n\n\n<li>Xeneralidades<\/li>\n\n\n\n<li>Lexislaci\u00f3n aplicable e xurisdici\u00f3n<\/li>\n\n\n\n<li>Resoluci\u00f3n de disputas en li\u00f1a<\/li>\n<\/ol>\n\n<hr class=\"wp-block-separator has-alpha-channel-opacity\"\/>\n\n<h2 class=\"wp-block-heading\">1. Datos identificativos<\/h2>\n\n<p>En cumprimento do disposto na <strong>Lei 34\/2002, do 11 de xullo, de Servizos da Sociedade da Informaci\u00f3n e de Comercio Electr\u00f3nico (LSSI-CE)<\/strong> , refl\u00edctense os seguintes datos:<\/p>\n\n<ul class=\"wp-block-list\">\n<li><strong>Propietario:<\/strong> Trevijano P\u00e9rez SL<\/li>\n\n\n\n<li><strong>CIF:<\/strong> B27453547<\/li>\n\n\n\n<li><strong>Nome comercial:<\/strong> Pensi\u00f3n Credential<\/li>\n\n\n\n<li><strong>Domicilio social e profesional:<\/strong> R\u00faa Peregrino, 48 \u2013 27600 Sarria (Lugo), Espa\u00f1a<\/li>\n\n\n\n<li><strong>Tel\u00e9fono:<\/strong> +34 982 87 64 55<\/li>\n\n\n\n<li><strong>Correo electr\u00f3nico:<\/strong> <a>info@pensioncredencial.com<\/a><\/li>\n\n\n\n<li><strong>Dominio:<\/strong> <a href=\"https:\/\/pensioncredencial.com\/gl\/\">www.pensioncredencial.com<\/a><\/li>\n<\/ul>\n\n<hr class=\"wp-block-separator has-alpha-channel-opacity\"\/>\n\n<h2 class=\"wp-block-heading\">2. Usuarios<\/h2>\n\n<p>O acceso e\/ou uso do Sitio Web atrib\u00fae a condici\u00f3n de USUARIO, que acepta as Condici\u00f3ns Xerais de uso aqu\u00ed reflectidas.<\/p>\n\n<hr class=\"wp-block-separator has-alpha-channel-opacity\"\/>\n\n<h2 class=\"wp-block-heading\">3. Uso do portal<\/h2>\n\n<p>A finalidade deste sitio web \u00e9 proporcionar informaci\u00f3n sobre os servizos de aloxamento e reserva que ofrece Pensi\u00f3n Credencial. O usuario comprom\u00e9tese a usar o contido de forma axeitada e de acordo coa normativa vixente. <\/p>\n\n<hr class=\"wp-block-separator has-alpha-channel-opacity\"\/>\n\n<h2 class=\"wp-block-heading\">4. Uso de cookies<\/h2>\n\n<p>Este sitio web utiliza cookies propias e de terceiros para optimizar a experiencia de navegaci\u00f3n, personalizar os servizos e analizar o tr\u00e1fico. Os usuarios poden atopar m\u00e1is informaci\u00f3n na <strong>Pol\u00edtica de cookies<\/strong> . <\/p>\n\n<hr class=\"wp-block-separator has-alpha-channel-opacity\"\/>\n\n<h2 class=\"wp-block-heading\">5. Propiedade intelectual e industrial<\/h2>\n\n<p>Todo o contido deste sitio web (texto, imaxes, logotipos, dese\u00f1o, c\u00f3digo fonte) \u00e9 propiedade de Trevijano P\u00e9rez SL ou de terceiros autorizados. Proh\u00edbese a s\u00faa reproduci\u00f3n, distribuci\u00f3n ou comunicaci\u00f3n p\u00fablica sen autorizaci\u00f3n expresa. <\/p>\n\n<hr class=\"wp-block-separator has-alpha-channel-opacity\"\/>\n\n<h2 class=\"wp-block-heading\">6. Exclusi\u00f3n de garant\u00edas e responsabilidade<\/h2>\n\n<p>Trevijano P\u00e9rez SL non garante a dispo\u00f1ibilidade continua do sitio web nin a ausencia de erros no seu contido. Tampouco se responsabiliza dos danos que poidan derivarse dun mal uso do portal ou da transmisi\u00f3n de virus ou outros elementos nocivos. <\/p>\n\n<hr class=\"wp-block-separator has-alpha-channel-opacity\"\/>\n\n<h2 class=\"wp-block-heading\">7. Modificaci\u00f3ns<\/h2>\n\n<p>A empresa res\u00e9rvase o dereito de modificar o sitio web e as condici\u00f3ns aqu\u00ed establecidas en calquera momento, sen previo aviso.<\/p>\n\n<hr class=\"wp-block-separator has-alpha-channel-opacity\"\/>\n\n<h2 class=\"wp-block-heading\">8. Ligaz\u00f3ns<\/h2>\n\n<p>O sitio web pode conter ligaz\u00f3ns a p\u00e1xinas de terceiros. Trevijano P\u00e9rez SL non controla nin asume responsabilidade polo contido ou a dispo\u00f1ibilidade destes sitios enlazados. <\/p>\n\n<hr class=\"wp-block-separator has-alpha-channel-opacity\"\/>\n\n<h2 class=\"wp-block-heading\">9. Dereito de exclusi\u00f3n<\/h2>\n\n<p>A empresa poder\u00e1 denegar ou retirar o acceso ao sitio web aos usuarios que infrinxan estas condici\u00f3ns, sen previo aviso.<\/p>\n\n<hr class=\"wp-block-separator has-alpha-channel-opacity\"\/>\n\n<h2 class=\"wp-block-heading\">10. Informaci\u00f3n xeral<\/h2>\n\n<p>A empresa perseguir\u00e1 calquera incumprimento destas condici\u00f3ns mediante todas as acci\u00f3ns civ\u00eds e penais que correspondan.<\/p>\n\n<hr class=\"wp-block-separator has-alpha-channel-opacity\"\/>\n\n<h2 class=\"wp-block-heading\">11. Lexislaci\u00f3n aplicable e xurisdici\u00f3n<\/h2>\n\n<p>A relaci\u00f3n entre Trevijano P\u00e9rez SL e o USUARIO rexerase pola lexislaci\u00f3n espa\u00f1ola vixente. Para calquera controversia, as partes someteranse \u00e1 <strong>xurisdici\u00f3n dos Xulgados de Sarria (Lugo)<\/strong> , salvo que a lei dispo\u00f1a o contrario. <\/p>\n\n<hr class=\"wp-block-separator has-alpha-channel-opacity\"\/>\n\n<h2 class=\"wp-block-heading\">12. Resoluci\u00f3n de conflitos en li\u00f1a<\/h2>\n\n<p>De conformidade co artigo 14.1 do <strong>Regulamento (UE) 524\/2013<\/strong> , a Comisi\u00f3n Europea proporciona unha plataforma de resoluci\u00f3n de litixios en li\u00f1a accesible en:<br\/> <a href=\"https:\/\/ec.europa.eu\/consumers\/odr\/\" data-type=\"link\" data-id=\"https:\/\/ec.europa.eu\/consumers\/odr\/\" target=\"_blank\" rel=\"noreferrer noopener\">https:\/\/ec.europa.eu\/consumers\/odr\/<\/a><\/p>\n","protected":false},"excerpt":{"rendered":"<p>Este Aviso Legal regula o acceso, a navegaci\u00f3n e o uso do sitio web www.pensioncredencial.com (en diante, o &#8220;Sitio Web&#8221;), propiedade de Trevijano P\u00e9rez SL , a trav\u00e9s do cal se ofrece informaci\u00f3n sobre os servizos de aloxamento prestados por Pensi\u00f3n Credencial . O acceso e uso do sitio web atrib\u00fae a condici\u00f3n de usuario &hellip; <a href=\"https:\/\/pensioncredencial.com\/gl\/aviso-legal\/\" class=\"more-link\">Continue reading<span class=\"screen-reader-text\"> &#8220;Aviso legal&#8221;<\/span><\/a><\/p>\n","protected":false},"author":1,"featured_media":0,"parent":0,"menu_order":0,"comment_status":"closed","ping_status":"closed","template":"","meta":{"footnotes":""},"class_list":["post-3285","page","type-page","status-publish","hentry"],"jetpack_sharing_enabled":true,"_links":{"self":[{"href":"https:\/\/pensioncredencial.com\/gl\/wp-json\/wp\/v2\/pages\/3285","targetHints":{"allow":["GET"]}}],"collection":[{"href":"https:\/\/pensioncredencial.com\/gl\/wp-json\/wp\/v2\/pages"}],"about":[{"href":"https:\/\/pensioncredencial.com\/gl\/wp-json\/wp\/v2\/types\/page"}],"author":[{"embeddable":true,"href":"https:\/\/pensioncredencial.com\/gl\/wp-json\/wp\/v2\/users\/1"}],"replies":[{"embeddable":true,"href":"https:\/\/pensioncredencial.com\/gl\/wp-json\/wp\/v2\/comments?post=3285"}],"version-history":[{"count":1,"href":"https:\/\/pensioncredencial.com\/gl\/wp-json\/wp\/v2\/pages\/3285\/revisions"}],"predecessor-version":[{"id":3288,"href":"https:\/\/pensioncredencial.com\/gl\/wp-json\/wp\/v2\/pages\/3285\/revisions\/3288"}],"wp:attachment":[{"href":"https:\/\/pensioncredencial.com\/gl\/wp-json\/wp\/v2\/media?parent=3285"}],"curies":[{"name":"wp","href":"https:\/\/api.w.org\/{rel}","templated":true}]}}