{"id":3303,"date":"2025-09-23T10:49:09","date_gmt":"2025-09-23T08:49:09","guid":{"rendered":"https:\/\/pensioncredencial.com\/avviso-legale\/"},"modified":"2026-03-23T13:26:26","modified_gmt":"2026-03-23T12:26:26","slug":"avviso-legale","status":"publish","type":"page","link":"https:\/\/pensioncredencial.com\/it\/avviso-legale\/","title":{"rendered":"Avviso legale"},"content":{"rendered":"\n<p>Il presente Avviso Legale regola l&#8217;accesso, la navigazione e l&#8217;utilizzo del sito web <strong><a href=\"https:\/\/pensioncredencial.com\/it\/\">www.pensioncredencial.com<\/a><\/strong> (di seguito, il &#8220;Sito Web&#8221;), di propriet\u00e0 di <strong>Trevijano P\u00e9rez S.L.<\/strong>, attraverso il quale vengono offerte informazioni sui servizi di alloggio forniti da <strong>Pensi\u00f3n Credencial<\/strong>.<\/p>\n\n<p>L&#8217;accesso e l&#8217;utilizzo del Sito conferisce lo status di UTENTE e implica l&#8217;accettazione piena e senza riserve di tutte le condizioni incluse nel presente Avviso Legale.<\/p>\n\n<hr class=\"wp-block-separator has-alpha-channel-opacity\"\/>\n\n<h2 class=\"wp-block-heading\">INDICE DEL CONTENUTO DELL&#8217;AVVISO LEGALE<\/h2>\n\n<ol class=\"wp-block-list\">\n<li>Dati di identificazione<\/li>\n\n\n\n<li>Utenti<\/li>\n\n\n\n<li>Utilizzo del portale<\/li>\n\n\n\n<li>Utilizzo dei cookie<\/li>\n\n\n\n<li>Propriet\u00e0 intellettuale e industriale<\/li>\n\n\n\n<li>Esclusione di garanzie e responsabilit\u00e0<\/li>\n\n\n\n<li>Modifiche<\/li>\n\n\n\n<li>Collegamenti<\/li>\n\n\n\n<li>Diritto di esclusione<\/li>\n\n\n\n<li>Generale<\/li>\n\n\n\n<li>Legge applicabile e giurisdizione<\/li>\n\n\n\n<li>Risoluzione delle controversie online<\/li>\n<\/ol>\n\n<hr class=\"wp-block-separator has-alpha-channel-opacity\"\/>\n\n<h2 class=\"wp-block-heading\">1. Dati di identificazione<\/h2>\n\n<p>In conformit\u00e0 alle disposizioni della <strong>Legge 34\/2002, dell&#8217;11 luglio, sui Servizi della Societ\u00e0 dell&#8217;Informazione e del Commercio Elettronico (LSSI-CE)<\/strong>, si forniscono le seguenti informazioni:<\/p>\n\n<ul class=\"wp-block-list\">\n<li><strong>Proprietario:<\/strong> Trevijano P\u00e9rez S.L.<\/li>\n\n\n\n<li><strong>PARTITA IVA:<\/strong> B27453547<\/li>\n\n\n\n<li><strong>Nome commerciale:<\/strong> Pensi\u00f3n Credencial<\/li>\n\n\n\n<li><strong>Sede legale e commerciale:<\/strong> R\u00faa Peregrino, 48 &#8211; 27600 Sarria (Lugo), Spagna<\/li>\n\n\n\n<li><strong>Telefono:<\/strong> +34 982 87 64 55<\/li>\n\n\n\n<li><strong>Email:<\/strong> <a>info@pensioncredencial.com<\/a><\/li>\n\n\n\n<li><strong>Dominio:<\/strong> <a href=\"https:\/\/pensioncredencial.com\/it\/\">www.pensioncredencial.com<\/a><\/li>\n<\/ul>\n\n<hr class=\"wp-block-separator has-alpha-channel-opacity\"\/>\n\n<h2 class=\"wp-block-heading\">2. Utenti<\/h2>\n\n<p>L&#8217;accesso e\/o l&#8217;utilizzo del Sito conferisce all&#8217;UTENTE la condizione di accettare le Condizioni Generali di utilizzo qui riportate.<\/p>\n\n<hr class=\"wp-block-separator has-alpha-channel-opacity\"\/>\n\n<h2 class=\"wp-block-heading\">3. Utilizzo del portale<\/h2>\n\n<p>Lo scopo del Sito \u00e8 quello di offrire informazioni sui servizi di alloggio e prenotazione forniti da Pensi\u00f3n Credencial. L&#8217;UTENTE si impegna a utilizzare i contenuti in modo appropriato e in conformit\u00e0 alla normativa vigente. <\/p>\n\n<hr class=\"wp-block-separator has-alpha-channel-opacity\"\/>\n\n<h2 class=\"wp-block-heading\">4. Utilizzo dei cookie<\/h2>\n\n<p>Il Sito utilizza cookie propri e di terze parti per ottimizzare l&#8217;esperienza di navigazione, personalizzare i servizi e analizzare il traffico. L&#8217;UTENTE pu\u00f2 consultare ulteriori informazioni nella <strong>Politica sui Cookies<\/strong>. <\/p>\n\n<hr class=\"wp-block-separator has-alpha-channel-opacity\"\/>\n\n<h2 class=\"wp-block-heading\">5. Propriet\u00e0 intellettuale e industriale<\/h2>\n\n<p>Tutti i contenuti del Sito Web (testi, immagini, loghi, design, codice sorgente) sono di propriet\u00e0 di Trevijano P\u00e9rez S.L. o di terzi autorizzati. La loro riproduzione, distribuzione o comunicazione pubblica senza espressa autorizzazione \u00e8 vietata. <\/p>\n\n<hr class=\"wp-block-separator has-alpha-channel-opacity\"\/>\n\n<h2 class=\"wp-block-heading\">6. Esclusione di garanzie e responsabilit\u00e0<\/h2>\n\n<p>Trevijano P\u00e9rez S.L. non garantisce la disponibilit\u00e0 continua del sito web o l&#8217;assenza di errori nei contenuti. N\u00e9 \u00e8 responsabile di eventuali danni che possano derivare dall&#8217;uso improprio del portale o dalla trasmissione di virus o altri elementi dannosi. <\/p>\n\n<hr class=\"wp-block-separator has-alpha-channel-opacity\"\/>\n\n<h2 class=\"wp-block-heading\">7. Modifiche<\/h2>\n\n<p>La Societ\u00e0 si riserva il diritto di modificare il Sito e le condizioni qui riportate in qualsiasi momento e senza preavviso.<\/p>\n\n<hr class=\"wp-block-separator has-alpha-channel-opacity\"\/>\n\n<h2 class=\"wp-block-heading\">8. Collegamenti<\/h2>\n\n<p>Il Sito Web pu\u00f2 contenere link a pagine di terzi. Trevijano P\u00e9rez S.L. non controlla e non \u00e8 responsabile dei contenuti o della disponibilit\u00e0 di questi siti collegati. <\/p>\n\n<hr class=\"wp-block-separator has-alpha-channel-opacity\"\/>\n\n<h2 class=\"wp-block-heading\">9. Diritto di esclusione<\/h2>\n\n<p>L&#8217;azienda pu\u00f2 negare o ritirare l&#8217;accesso al Sito agli utenti che non rispettano i presenti termini e condizioni senza preavviso.<\/p>\n\n<hr class=\"wp-block-separator has-alpha-channel-opacity\"\/>\n\n<h2 class=\"wp-block-heading\">10. Generale<\/h2>\n\n<p>L&#8217;azienda perseguir\u00e0 qualsiasi violazione delle presenti condizioni attraverso tutte le azioni civili e penali che le spettano per legge.<\/p>\n\n<hr class=\"wp-block-separator has-alpha-channel-opacity\"\/>\n\n<h2 class=\"wp-block-heading\">11. Legge applicabile e giurisdizione<\/h2>\n\n<p>Il rapporto tra Trevijano P\u00e9rez S.L. e l&#8217;UTENTE sar\u00e0 regolato dalla legislazione spagnola in vigore. Per qualsiasi controversia, le parti saranno sottoposte alle <strong>Corti e ai Tribunali di Sarria (Lugo)<\/strong>, salvo diversa disposizione di legge. <\/p>\n\n<hr class=\"wp-block-separator has-alpha-channel-opacity\"\/>\n\n<h2 class=\"wp-block-heading\">12. Risoluzione delle controversie online<\/h2>\n\n<p>Ai sensi dell&#8217;articolo 14, paragrafo 1, del <strong>Regolamento (UE) 524\/2013<\/strong>, la Commissione europea mette a disposizione una piattaforma di risoluzione delle controversie online accessibile all&#8217;indirizzo:<br\/><a href=\"https:\/\/ec.europa.eu\/consumers\/odr\/\" data-type=\"link\" data-id=\"https:\/\/ec.europa.eu\/consumers\/odr\/\" target=\"_blank\" rel=\"noreferrer noopener\">https:\/\/ec.europa.eu\/consumers\/odr\/<\/a><\/p>\n","protected":false},"excerpt":{"rendered":"<p>Il presente Avviso Legale regola l&#8217;accesso, la navigazione e l&#8217;utilizzo del sito web www.pensioncredencial.com (di seguito, il &#8220;Sito Web&#8221;), di propriet\u00e0 di Trevijano P\u00e9rez S.L., attraverso il quale vengono offerte informazioni sui servizi di alloggio forniti da Pensi\u00f3n Credencial. L&#8217;accesso e l&#8217;utilizzo del Sito conferisce lo status di UTENTE e implica l&#8217;accettazione piena e senza &hellip; <a href=\"https:\/\/pensioncredencial.com\/it\/avviso-legale\/\" class=\"more-link\">Continue reading<span class=\"screen-reader-text\"> &#8220;Avviso legale&#8221;<\/span><\/a><\/p>\n","protected":false},"author":1,"featured_media":0,"parent":0,"menu_order":0,"comment_status":"closed","ping_status":"closed","template":"","meta":{"footnotes":""},"class_list":["post-3303","page","type-page","status-publish","hentry"],"jetpack_sharing_enabled":true,"_links":{"self":[{"href":"https:\/\/pensioncredencial.com\/it\/wp-json\/wp\/v2\/pages\/3303","targetHints":{"allow":["GET"]}}],"collection":[{"href":"https:\/\/pensioncredencial.com\/it\/wp-json\/wp\/v2\/pages"}],"about":[{"href":"https:\/\/pensioncredencial.com\/it\/wp-json\/wp\/v2\/types\/page"}],"author":[{"embeddable":true,"href":"https:\/\/pensioncredencial.com\/it\/wp-json\/wp\/v2\/users\/1"}],"replies":[{"embeddable":true,"href":"https:\/\/pensioncredencial.com\/it\/wp-json\/wp\/v2\/comments?post=3303"}],"version-history":[{"count":1,"href":"https:\/\/pensioncredencial.com\/it\/wp-json\/wp\/v2\/pages\/3303\/revisions"}],"predecessor-version":[{"id":3304,"href":"https:\/\/pensioncredencial.com\/it\/wp-json\/wp\/v2\/pages\/3303\/revisions\/3304"}],"wp:attachment":[{"href":"https:\/\/pensioncredencial.com\/it\/wp-json\/wp\/v2\/media?parent=3303"}],"curies":[{"name":"wp","href":"https:\/\/api.w.org\/{rel}","templated":true}]}}