{"id":2065,"date":"2018-07-19T13:15:33","date_gmt":"2018-07-19T11:15:33","guid":{"rendered":"https:\/\/pensioncredencial.com\/contacto\/"},"modified":"2024-08-21T09:01:07","modified_gmt":"2024-08-21T09:01:07","slug":"contacto","status":"publish","type":"page","link":"https:\/\/pensioncredencial.com\/pt-pt\/contacto\/","title":{"rendered":"Contacto"},"content":{"rendered":"\t\t<div data-elementor-type=\"wp-post\" data-elementor-id=\"2065\" class=\"elementor elementor-2065 elementor-175\">\n\t\t\t\t\t\t<section class=\"elementor-section elementor-top-section elementor-element elementor-element-1f1debe elementor-section-boxed elementor-section-height-default elementor-section-height-default\" data-id=\"1f1debe\" data-element_type=\"section\" data-e-type=\"section\">\n\t\t\t\t\t\t<div class=\"elementor-container elementor-column-gap-default\">\n\t\t\t\t\t<div class=\"elementor-column elementor-col-100 elementor-top-column elementor-element elementor-element-d5d6a5d\" data-id=\"d5d6a5d\" data-element_type=\"column\" data-e-type=\"column\">\n\t\t\t<div class=\"elementor-widget-wrap elementor-element-populated\">\n\t\t\t\t\t\t<div class=\"elementor-element elementor-element-a4cec7e elementor-widget elementor-widget-text-editor\" data-id=\"a4cec7e\" data-element_type=\"widget\" data-e-type=\"widget\" data-widget_type=\"text-editor.default\">\n\t\t\t\t<div class=\"elementor-widget-container\">\n\t\t\t\t\t\t\t\t\t<p>Na Pensi\u00f3n Credencial, preocupamo-nos com a tua experi\u00eancia.<br \/>\nSe tiveres alguma d\u00favida, precisares de informa\u00e7\u00f5es adicionais ou desejares fazer uma reserva, n\u00e3o hesites em contactar-nos.<br \/>\nA nossa equipa est\u00e1 dispon\u00edvel para te ajudar em tudo o que precisares.  <\/p>\n\t\t\t\t\t\t\t\t<\/div>\n\t\t\t\t<\/div>\n\t\t\t\t\t<\/div>\n\t\t<\/div>\n\t\t\t\t\t<\/div>\n\t\t<\/section>\n\t\t\t\t<section class=\"elementor-section elementor-top-section elementor-element elementor-element-f4792c9 elementor-section-boxed elementor-section-height-default elementor-section-height-default\" data-id=\"f4792c9\" data-element_type=\"section\" data-e-type=\"section\">\n\t\t\t\t\t\t<div class=\"elementor-container elementor-column-gap-default\">\n\t\t\t\t\t<div class=\"elementor-column elementor-col-33 elementor-top-column elementor-element elementor-element-498c077\" data-id=\"498c077\" data-element_type=\"column\" data-e-type=\"column\">\n\t\t\t<div class=\"elementor-widget-wrap elementor-element-populated\">\n\t\t\t\t\t\t<div class=\"elementor-element elementor-element-703a616 elementor-icon-list--layout-inline elementor-align-start elementor-list-item-link-full_width elementor-widget elementor-widget-icon-list\" data-id=\"703a616\" data-element_type=\"widget\" data-e-type=\"widget\" data-widget_type=\"icon-list.default\">\n\t\t\t\t<div class=\"elementor-widget-container\">\n\t\t\t\t\t\t\t<ul class=\"elementor-icon-list-items elementor-inline-items\">\n\t\t\t\t\t\t\t<li class=\"elementor-icon-list-item elementor-inline-item\">\n\t\t\t\t\t\t\t\t\t\t\t<a href=\"https:\/\/maps.app.goo.gl\/gXeWMihSEYa5xMCz5\" target=\"_blank\">\n\n\t\t\t\t\t\t\t\t\t\t\t\t<span class=\"elementor-icon-list-icon\">\n\t\t\t\t\t\t\t<svg aria-hidden=\"true\" class=\"e-font-icon-svg e-fas-map-marker-alt\" viewBox=\"0 0 384 512\" xmlns=\"http:\/\/www.w3.org\/2000\/svg\"><path d=\"M172.268 501.67C26.97 291.031 0 269.413 0 192 0 85.961 85.961 0 192 0s192 85.961 192 192c0 77.413-26.97 99.031-172.268 309.67-9.535 13.774-29.93 13.773-39.464 0zM192 272c44.183 0 80-35.817 80-80s-35.817-80-80-80-80 35.817-80 80 35.817 80 80 80z\"><\/path><\/svg>\t\t\t\t\t\t<\/span>\n\t\t\t\t\t\t\t\t\t\t<span class=\"elementor-icon-list-text\">R. Peregrino, 48, 27600 Sarria, Lugo<\/span>\n\t\t\t\t\t\t\t\t\t\t\t<\/a>\n\t\t\t\t\t\t\t\t\t<\/li>\n\t\t\t\t\t\t<\/ul>\n\t\t\t\t\t\t<\/div>\n\t\t\t\t<\/div>\n\t\t\t\t\t<\/div>\n\t\t<\/div>\n\t\t\t\t<div class=\"elementor-column elementor-col-33 elementor-top-column elementor-element elementor-element-7d9f94e\" data-id=\"7d9f94e\" data-element_type=\"column\" data-e-type=\"column\">\n\t\t\t<div class=\"elementor-widget-wrap elementor-element-populated\">\n\t\t\t\t\t\t<div class=\"elementor-element elementor-element-f7690ec elementor-icon-list--layout-inline elementor-align-start elementor-list-item-link-full_width elementor-widget elementor-widget-icon-list\" data-id=\"f7690ec\" data-element_type=\"widget\" data-e-type=\"widget\" data-widget_type=\"icon-list.default\">\n\t\t\t\t<div class=\"elementor-widget-container\">\n\t\t\t\t\t\t\t<ul class=\"elementor-icon-list-items elementor-inline-items\">\n\t\t\t\t\t\t\t<li class=\"elementor-icon-list-item elementor-inline-item\">\n\t\t\t\t\t\t\t\t\t\t\t<a href=\"tel:982876455\" target=\"_blank\">\n\n\t\t\t\t\t\t\t\t\t\t\t\t<span class=\"elementor-icon-list-icon\">\n\t\t\t\t\t\t\t<svg aria-hidden=\"true\" class=\"e-font-icon-svg e-fas-mobile-alt\" viewBox=\"0 0 320 512\" xmlns=\"http:\/\/www.w3.org\/2000\/svg\"><path d=\"M272 0H48C21.5 0 0 21.5 0 48v416c0 26.5 21.5 48 48 48h224c26.5 0 48-21.5 48-48V48c0-26.5-21.5-48-48-48zM160 480c-17.7 0-32-14.3-32-32s14.3-32 32-32 32 14.3 32 32-14.3 32-32 32zm112-108c0 6.6-5.4 12-12 12H60c-6.6 0-12-5.4-12-12V60c0-6.6 5.4-12 12-12h200c6.6 0 12 5.4 12 12v312z\"><\/path><\/svg>\t\t\t\t\t\t<\/span>\n\t\t\t\t\t\t\t\t\t\t<span class=\"elementor-icon-list-text\">+34 982 87 64 55<\/span>\n\t\t\t\t\t\t\t\t\t\t\t<\/a>\n\t\t\t\t\t\t\t\t\t<\/li>\n\t\t\t\t\t\t<\/ul>\n\t\t\t\t\t\t<\/div>\n\t\t\t\t<\/div>\n\t\t\t\t\t<\/div>\n\t\t<\/div>\n\t\t\t\t<div class=\"elementor-column elementor-col-33 elementor-top-column elementor-element elementor-element-230ff72\" data-id=\"230ff72\" data-element_type=\"column\" data-e-type=\"column\">\n\t\t\t<div class=\"elementor-widget-wrap elementor-element-populated\">\n\t\t\t\t\t\t<div class=\"elementor-element elementor-element-2a54445 elementor-icon-list--layout-inline elementor-align-start elementor-list-item-link-full_width elementor-widget elementor-widget-icon-list\" data-id=\"2a54445\" data-element_type=\"widget\" data-e-type=\"widget\" data-widget_type=\"icon-list.default\">\n\t\t\t\t<div class=\"elementor-widget-container\">\n\t\t\t\t\t\t\t<ul class=\"elementor-icon-list-items elementor-inline-items\">\n\t\t\t\t\t\t\t<li class=\"elementor-icon-list-item elementor-inline-item\">\n\t\t\t\t\t\t\t\t\t\t\t<a href=\"mailto:info@pensioncredencial.com\" target=\"_blank\">\n\n\t\t\t\t\t\t\t\t\t\t\t\t<span class=\"elementor-icon-list-icon\">\n\t\t\t\t\t\t\t<svg aria-hidden=\"true\" class=\"e-font-icon-svg e-fas-at\" viewBox=\"0 0 512 512\" xmlns=\"http:\/\/www.w3.org\/2000\/svg\"><path d=\"M256 8C118.941 8 8 118.919 8 256c0 137.059 110.919 248 248 248 48.154 0 95.342-14.14 135.408-40.223 12.005-7.815 14.625-24.288 5.552-35.372l-10.177-12.433c-7.671-9.371-21.179-11.667-31.373-5.129C325.92 429.757 291.314 440 256 440c-101.458 0-184-82.542-184-184S154.542 72 256 72c100.139 0 184 57.619 184 160 0 38.786-21.093 79.742-58.17 83.693-17.349-.454-16.91-12.857-13.476-30.024l23.433-121.11C394.653 149.75 383.308 136 368.225 136h-44.981a13.518 13.518 0 0 0-13.432 11.993l-.01.092c-14.697-17.901-40.448-21.775-59.971-21.775-74.58 0-137.831 62.234-137.831 151.46 0 65.303 36.785 105.87 96 105.87 26.984 0 57.369-15.637 74.991-38.333 9.522 34.104 40.613 34.103 70.71 34.103C462.609 379.41 504 307.798 504 232 504 95.653 394.023 8 256 8zm-21.68 304.43c-22.249 0-36.07-15.623-36.07-40.771 0-44.993 30.779-72.729 58.63-72.729 22.292 0 35.601 15.241 35.601 40.77 0 45.061-33.875 72.73-58.161 72.73z\"><\/path><\/svg>\t\t\t\t\t\t<\/span>\n\t\t\t\t\t\t\t\t\t\t<span class=\"elementor-icon-list-text\">info@pensioncredencial.com<\/span>\n\t\t\t\t\t\t\t\t\t\t\t<\/a>\n\t\t\t\t\t\t\t\t\t<\/li>\n\t\t\t\t\t\t<\/ul>\n\t\t\t\t\t\t<\/div>\n\t\t\t\t<\/div>\n\t\t\t\t\t<\/div>\n\t\t<\/div>\n\t\t\t\t\t<\/div>\n\t\t<\/section>\n\t\t\t\t<section class=\"elementor-section elementor-top-section elementor-element elementor-element-0cae2cd elementor-section-stretched elementor-section-boxed elementor-section-height-default elementor-section-height-default\" data-id=\"0cae2cd\" data-element_type=\"section\" data-e-type=\"section\" data-settings=\"{&quot;stretch_section&quot;:&quot;section-stretched&quot;}\">\n\t\t\t\t\t\t<div class=\"elementor-container elementor-column-gap-default\">\n\t\t\t\t\t<div class=\"elementor-column elementor-col-50 elementor-top-column elementor-element elementor-element-c4eb51c\" data-id=\"c4eb51c\" data-element_type=\"column\" data-e-type=\"column\">\n\t\t\t<div class=\"elementor-widget-wrap elementor-element-populated\">\n\t\t\t\t\t\t<div class=\"elementor-element elementor-element-a33f357 elementor-widget elementor-widget-heading\" data-id=\"a33f357\" data-element_type=\"widget\" data-e-type=\"widget\" data-widget_type=\"heading.default\">\n\t\t\t\t<div class=\"elementor-widget-container\">\n\t\t\t\t\t<h2 class=\"elementor-heading-title elementor-size-default\">Tens alguma pergunta?<\/h2>\t\t\t\t<\/div>\n\t\t\t\t<\/div>\n\t\t\t\t<div class=\"elementor-element elementor-element-b8e99ad elementor-widget__width-initial elementor-widget elementor-widget-image\" data-id=\"b8e99ad\" data-element_type=\"widget\" data-e-type=\"widget\" data-widget_type=\"image.default\">\n\t\t\t\t<div class=\"elementor-widget-container\">\n\t\t\t\t\t\t\t\t\t\t\t\t\t\t\t<img decoding=\"async\" width=\"202\" height=\"43\" src=\"https:\/\/pensioncredencial.com\/wp-content\/uploads\/2024\/07\/LUCIA-LP-PEREZ-4.webp\" class=\"attachment-full size-full wp-image-1490\" alt=\"\" \/>\t\t\t\t\t\t\t\t\t\t\t\t\t\t\t<\/div>\n\t\t\t\t<\/div>\n\t\t\t\t<div class=\"elementor-element elementor-element-fdd15aa elementor-widget elementor-widget-text-editor\" data-id=\"fdd15aa\" data-element_type=\"widget\" data-e-type=\"widget\" data-widget_type=\"text-editor.default\">\n\t\t\t\t<div class=\"elementor-widget-container\">\n\t\t\t\t\t\t\t\t\t<p>Estamos aqui para te ajudar com quaisquer quest\u00f5es ou preocupa\u00e7\u00f5es que possas ter.<br \/>\nN\u00e3o hesites em contactar-nos atrav\u00e9s do formul\u00e1rio de contacto, do e-mail ou do telefone. <\/p>\n<p><strong>Esfor\u00e7amo-nos por responder a todos os pedidos de informa\u00e7\u00e3o o mais rapidamente poss\u00edvel.<\/strong><\/p>\n<p><strong>Hor\u00e1rio da rece\u00e7\u00e3o:<\/strong><br \/><span style=\"font-size: 1rem;\">Estamos \u00e0 tua disposi\u00e7\u00e3o de segunda a domingo das 7:00 \u00e0s 20:00.<\/span><\/p>\n\t\t\t\t\t\t\t\t<\/div>\n\t\t\t\t<\/div>\n\t\t\t\t\t<\/div>\n\t\t<\/div>\n\t\t\t\t<div class=\"elementor-column elementor-col-50 elementor-top-column elementor-element elementor-element-c153643\" data-id=\"c153643\" data-element_type=\"column\" data-e-type=\"column\">\n\t\t\t<div class=\"elementor-widget-wrap elementor-element-populated\">\n\t\t\t\t\t\t<div class=\"elementor-element elementor-element-4dfdfbe elementor-widget elementor-widget-heading\" data-id=\"4dfdfbe\" data-element_type=\"widget\" data-e-type=\"widget\" data-widget_type=\"heading.default\">\n\t\t\t\t<div class=\"elementor-widget-container\">\n\t\t\t\t\t<h2 class=\"elementor-heading-title elementor-size-default\">Escreve-nos para<\/h2>\t\t\t\t<\/div>\n\t\t\t\t<\/div>\n\t\t\t\t<div class=\"elementor-element elementor-element-1c77e5b elementor-widget__width-initial elementor-widget elementor-widget-image\" data-id=\"1c77e5b\" data-element_type=\"widget\" data-e-type=\"widget\" data-widget_type=\"image.default\">\n\t\t\t\t<div class=\"elementor-widget-container\">\n\t\t\t\t\t\t\t\t\t\t\t\t\t\t\t<img decoding=\"async\" width=\"202\" height=\"43\" src=\"https:\/\/pensioncredencial.com\/wp-content\/uploads\/2024\/07\/LUCIA-LP-PEREZ-4.webp\" class=\"attachment-full size-full wp-image-1490\" alt=\"\" \/>\t\t\t\t\t\t\t\t\t\t\t\t\t\t\t<\/div>\n\t\t\t\t<\/div>\n\t\t\t\t<div class=\"elementor-element elementor-element-784d890 elementor-widget__width-initial elementor-widget elementor-widget-wpforms\" data-id=\"784d890\" data-element_type=\"widget\" data-e-type=\"widget\" data-widget_type=\"wpforms.default\">\n\t\t\t\t<div class=\"elementor-widget-container\">\n\t\t\t\t\t<style id=\"wpforms-css-vars-elementor-widget-784d890\">\n\t\t\t\t.elementor-widget-wpforms.elementor-element-784d890 {\n\t\t\t\t--wpforms-label-error-color: #DDBA7E;\n--wpforms-button-background-color: #8F5E2A;\n\t\t\t}\n\t\t\t<\/style><div class=\"wpforms-container wpforms-container-full wpforms-render-modern\" id=\"wpforms-2402\"><form id=\"wpforms-form-2402\" class=\"wpforms-validate wpforms-form wpforms-ajax-form\" data-formid=\"2402\" method=\"post\" enctype=\"multipart\/form-data\" action=\"\/pt-pt\/wp-json\/wp\/v2\/pages\/2065\" data-token=\"9037af960c96aa7a60bedd89d931f667\" data-token-time=\"1776627282\"><noscript class=\"wpforms-error-noscript\">Please enable JavaScript in your browser to complete this form.<\/noscript><div id=\"wpforms-error-noscript\" style=\"display: none;\">Please enable JavaScript in your browser to complete this form.<\/div><div class=\"wpforms-field-container\"><div id=\"wpforms-2402-field_0-container\" class=\"wpforms-field wpforms-field-name\" data-field-id=\"0\"><label class=\"wpforms-field-label\" for=\"wpforms-2402-field_0\">Nome <span class=\"wpforms-required-label\" aria-hidden=\"true\">*<\/span><\/label><input type=\"text\" id=\"wpforms-2402-field_0\" class=\"wpforms-field-medium wpforms-field-required\" name=\"wpforms[fields][0]\" aria-errormessage=\"wpforms-2402-field_0-error\" required><\/div><div id=\"wpforms-2402-field_1-container\" class=\"wpforms-field wpforms-field-email\" data-field-id=\"1\"><label class=\"wpforms-field-label\" for=\"wpforms-2402-field_1\">E-mail <span class=\"wpforms-required-label\" aria-hidden=\"true\">*<\/span><\/label><input type=\"email\" id=\"wpforms-2402-field_1\" class=\"wpforms-field-medium wpforms-field-required\" name=\"wpforms[fields][1]\" spellcheck=\"false\" aria-errormessage=\"wpforms-2402-field_1-error\" required><\/div><div id=\"wpforms-2402-field_2-container\" class=\"wpforms-field wpforms-field-textarea\" data-field-id=\"2\"><label class=\"wpforms-field-label\" for=\"wpforms-2402-field_2\">Comente ou mensagem<\/label><textarea id=\"wpforms-2402-field_2\" class=\"wpforms-field-medium\" name=\"wpforms[fields][2]\" aria-errormessage=\"wpforms-2402-field_2-error\" ><\/textarea><\/div><div id=\"wpforms-2402-field_3-container\" class=\"wpforms-field wpforms-field-radio\" data-field-id=\"3\"><fieldset><legend class=\"wpforms-field-label wpforms-label-hide\" aria-hidden=\"false\">Privacidad <span class=\"wpforms-required-label\" aria-hidden=\"true\">*<\/span><\/legend><ul id=\"wpforms-2402-field_3\" class=\"wpforms-field-required\"><li class=\"choice-1 depth-1\"><input type=\"radio\" id=\"wpforms-2402-field_3_1\" name=\"wpforms[fields][3]\" value=\"Li e aceito a &lt;a href=&quot;https:\/\/pensioncredencial.com\/pt-pt\/politica-de-privacidade\/&quot; rel=&quot;nofollow&quot;&gt;Pol\u00edtica de Privacidade&lt;\/a&gt;.\" aria-errormessage=\"wpforms-2402-field_3_1-error\" required ><label class=\"wpforms-field-label-inline\" for=\"wpforms-2402-field_3_1\">Li e aceito a <a href=\"https:\/\/pensioncredencial.com\/pt-pt\/politica-de-privacidade\/\" rel=\"nofollow\">Pol\u00edtica de Privacidade<\/a>.<\/label><\/li><\/ul><\/fieldset><\/div><\/div><!-- .wpforms-field-container --><div class=\"wpforms-recaptcha-container wpforms-is-recaptcha wpforms-is-recaptcha-type-v3\" ><input type=\"hidden\" name=\"wpforms[recaptcha]\" value=\"\"><\/div><div class=\"wpforms-submit-container\" ><input type=\"hidden\" name=\"wpforms[id]\" value=\"2402\"><input type=\"hidden\" name=\"page_title\" value=\"\"><input type=\"hidden\" name=\"page_url\" value=\"https:\/\/pensioncredencial.com\/pt-pt\/wp-json\/wp\/v2\/pages\/2065\"><input type=\"hidden\" name=\"url_referer\" value=\"\"><button type=\"submit\" name=\"wpforms[submit]\" id=\"wpforms-submit-2402\" class=\"wpforms-submit\" data-alt-text=\"Enviando...\" data-submit-text=\"Enviar\" aria-live=\"assertive\" value=\"wpforms-submit\">Enviar<\/button><img decoding=\"async\" src=\"https:\/\/pensioncredencial.com\/wp-content\/plugins\/wpforms-lite\/assets\/images\/submit-spin.svg\" class=\"wpforms-submit-spinner\" style=\"display: none;\" width=\"26\" height=\"26\" alt=\"Loading\"><\/div><\/form><\/div>  <!-- .wpforms-container -->\t\t\t\t<\/div>\n\t\t\t\t<\/div>\n\t\t\t\t\t<\/div>\n\t\t<\/div>\n\t\t\t\t\t<\/div>\n\t\t<\/section>\n\t\t\t\t<section class=\"elementor-section elementor-top-section elementor-element elementor-element-c04e970 elementor-section-full_width elementor-section-stretched elementor-section-height-default elementor-section-height-default\" data-id=\"c04e970\" data-element_type=\"section\" data-e-type=\"section\" data-settings=\"{&quot;stretch_section&quot;:&quot;section-stretched&quot;}\">\n\t\t\t\t\t\t<div class=\"elementor-container elementor-column-gap-no\">\n\t\t\t\t\t<div class=\"elementor-column elementor-col-100 elementor-top-column elementor-element elementor-element-aa533a8\" data-id=\"aa533a8\" data-element_type=\"column\" data-e-type=\"column\">\n\t\t\t<div class=\"elementor-widget-wrap elementor-element-populated\">\n\t\t\t\t\t\t<div class=\"elementor-element elementor-element-c268168 elementor-widget elementor-widget-html\" data-id=\"c268168\" data-element_type=\"widget\" data-e-type=\"widget\" data-widget_type=\"html.default\">\n\t\t\t\t<div class=\"elementor-widget-container\">\n\t\t\t\t\t<iframe src=\"https:\/\/www.google.com\/maps\/embed?pb=!1m18!1m12!1m3!1d2928.6268053413955!2d-7.411838223505046!3d42.77509730877928!2m3!1f0!2f0!3f0!3m2!1i1024!2i768!4f13.1!3m3!1m2!1s0xd3047830f65aa3f%3A0x9b6a8fe21307f917!2sPensi%C3%B3n%20Credencial!5e0!3m2!1ses!2ses!4v1721721535552!5m2!1ses!2ses\" width=\"600\" height=\"450\" style=\"border:0;\" allowfullscreen=\"\" loading=\"lazy\" referrerpolicy=\"no-referrer-when-downgrade\"><\/iframe>\t\t\t\t<\/div>\n\t\t\t\t<\/div>\n\t\t\t\t\t<\/div>\n\t\t<\/div>\n\t\t\t\t\t<\/div>\n\t\t<\/section>\n\t\t<div class=\"elementor-element elementor-element-b4b770f e-flex e-con-boxed e-con e-parent\" data-id=\"b4b770f\" data-element_type=\"container\" data-e-type=\"container\">\n\t\t\t\t\t<div class=\"e-con-inner\">\n\t\t<div class=\"elementor-element elementor-element-148d83a e-con-full e-flex e-con e-child\" data-id=\"148d83a\" data-element_type=\"container\" data-e-type=\"container\">\n\t\t\t\t<div class=\"elementor-element elementor-element-0dfe36d elementor-widget__width-initial elementor-widget elementor-widget-image\" data-id=\"0dfe36d\" data-element_type=\"widget\" data-e-type=\"widget\" data-widget_type=\"image.default\">\n\t\t\t\t<div class=\"elementor-widget-container\">\n\t\t\t\t\t\t\t\t\t\t\t\t\t\t\t<img fetchpriority=\"high\" decoding=\"async\" width=\"512\" height=\"512\" src=\"https:\/\/pensioncredencial.com\/wp-content\/uploads\/2024\/07\/cropped-e-1.webp\" class=\"attachment-large size-large wp-image-1635\" alt=\"\" srcset=\"https:\/\/pensioncredencial.com\/wp-content\/uploads\/2024\/07\/cropped-e-1.webp 512w, https:\/\/pensioncredencial.com\/wp-content\/uploads\/2024\/07\/cropped-e-1-300x300.webp 300w, https:\/\/pensioncredencial.com\/wp-content\/uploads\/2024\/07\/cropped-e-1-100x100.webp 100w, https:\/\/pensioncredencial.com\/wp-content\/uploads\/2024\/07\/cropped-e-1-150x150.webp 150w, https:\/\/pensioncredencial.com\/wp-content\/uploads\/2024\/07\/cropped-e-1-270x270.webp 270w, https:\/\/pensioncredencial.com\/wp-content\/uploads\/2024\/07\/cropped-e-1-192x192.webp 192w, https:\/\/pensioncredencial.com\/wp-content\/uploads\/2024\/07\/cropped-e-1-180x180.webp 180w, https:\/\/pensioncredencial.com\/wp-content\/uploads\/2024\/07\/cropped-e-1-32x32.webp 32w\" sizes=\"(max-width: 512px) 100vw, 512px\" \/>\t\t\t\t\t\t\t\t\t\t\t\t\t\t\t<\/div>\n\t\t\t\t<\/div>\n\t\t\t\t<\/div>\n\t\t\t\t\t<\/div>\n\t\t\t\t<\/div>\n\t\t<div class=\"elementor-element elementor-element-f71538f e-flex e-con-boxed e-con e-parent\" data-id=\"f71538f\" data-element_type=\"container\" data-e-type=\"container\">\n\t\t\t\t\t<div class=\"e-con-inner\">\n\t\t<div class=\"elementor-element elementor-element-01951c3 e-con-full e-flex e-con e-child\" data-id=\"01951c3\" data-element_type=\"container\" data-e-type=\"container\">\n\t\t<div class=\"elementor-element elementor-element-6dd9450 e-con-full e-flex e-con e-child\" data-id=\"6dd9450\" data-element_type=\"container\" data-e-type=\"container\">\n\t\t\t\t<div class=\"elementor-element elementor-element-e2fa031 elementor-widget elementor-widget-stratum-banner\" data-id=\"e2fa031\" data-element_type=\"widget\" data-e-type=\"widget\" data-widget_type=\"stratum-banner.default\">\n\t\t\t\t<div class=\"elementor-widget-container\">\n\t\t\t\t\t<figure class=\"stratum-banner stratum-effect-taurus has-text-animation-opacity \">\n        <a href=\"https:\/\/alberguecredencial.com\/\" class=\"stratum-banner__link\"\n\t\t   \t\t\t\ttarget=\"_blank\"\n\t\t\t\t        >\n\t\t            <div class=\"stratum-banner__wrapper\">\n\t\t\t\t                    <img decoding=\"async\" src=\"\" class=\"stratum-banner__image wp-image-433\" srcset=\"https:\/\/pensioncredencial.com\/wp-content\/uploads\/2024\/07\/Diseno-sin-titulo-2024-07-19T113541.920.webp 1920w, https:\/\/pensioncredencial.com\/wp-content\/uploads\/2024\/07\/Diseno-sin-titulo-2024-07-19T113541.920-600x407.webp 600w, https:\/\/pensioncredencial.com\/wp-content\/uploads\/2024\/07\/Diseno-sin-titulo-2024-07-19T113541.920-300x203.webp 300w, https:\/\/pensioncredencial.com\/wp-content\/uploads\/2024\/07\/Diseno-sin-titulo-2024-07-19T113541.920-1024x694.webp 1024w, https:\/\/pensioncredencial.com\/wp-content\/uploads\/2024\/07\/Diseno-sin-titulo-2024-07-19T113541.920-768x520.webp 768w, https:\/\/pensioncredencial.com\/wp-content\/uploads\/2024\/07\/Diseno-sin-titulo-2024-07-19T113541.920-1536x1040.webp 1536w, https:\/\/pensioncredencial.com\/wp-content\/uploads\/2024\/07\/Diseno-sin-titulo-2024-07-19T113541.920-840x569.webp 840w\"\/>\n\t\t\t\t\t            <div class=\"stratum-banner__overlay\"><\/div>\n                <figcaption class=\"stratum-banner__content\">\n\t\t\t\t\t<div class=\"stratum-banner__content-wrapper\">\n\t\t\t\t\t\t<div class=\"stratum-banner__content-container\">\n\t\t\t\t\t\t\t<h5 class=\"stratum-banner__title\">HOSTEL CREDENCIAL<\/h5>\n\t\t\t\t\t\t\t<div class=\"stratum-banner__text\">A Pousada Credencial oferece um ref\u00fagio acolhedor para peregrinos e turistas, com instala\u00e7\u00f5es confort\u00e1veis e um ambiente acolhedor.<\/div>\n\t\t\t\t\t\t<\/div>\n                    <\/div>\n                <\/figcaption>\n            <\/div>\n\t\t    <\/a>\n<\/figure>\n\t\t\t\t<\/div>\n\t\t\t\t<\/div>\n\t\t\t\t<\/div>\n\t\t<div class=\"elementor-element elementor-element-913bae3 e-con-full e-flex e-con e-child\" data-id=\"913bae3\" data-element_type=\"container\" data-e-type=\"container\">\n\t\t\t\t<div class=\"elementor-element elementor-element-931b1bc elementor-widget elementor-widget-stratum-banner\" data-id=\"931b1bc\" data-element_type=\"widget\" data-e-type=\"widget\" data-widget_type=\"stratum-banner.default\">\n\t\t\t\t<div class=\"elementor-widget-container\">\n\t\t\t\t\t<figure class=\"stratum-banner stratum-effect-taurus has-text-animation-opacity \">\n        <a href=\"http:\/\/apartamentoscredencial.com\/\" class=\"stratum-banner__link\"\n\t\t   \t\t\t\ttarget=\"_blank\"\n\t\t\t\t        >\n\t\t            <div class=\"stratum-banner__wrapper\">\n\t\t\t\t                    <img decoding=\"async\" src=\"\" class=\"stratum-banner__image wp-image-434\" srcset=\"https:\/\/pensioncredencial.com\/wp-content\/uploads\/2024\/07\/Diseno-sin-titulo-2024-07-19T113431.553.webp 1920w, https:\/\/pensioncredencial.com\/wp-content\/uploads\/2024\/07\/Diseno-sin-titulo-2024-07-19T113431.553-600x407.webp 600w, https:\/\/pensioncredencial.com\/wp-content\/uploads\/2024\/07\/Diseno-sin-titulo-2024-07-19T113431.553-300x203.webp 300w, https:\/\/pensioncredencial.com\/wp-content\/uploads\/2024\/07\/Diseno-sin-titulo-2024-07-19T113431.553-1024x694.webp 1024w, https:\/\/pensioncredencial.com\/wp-content\/uploads\/2024\/07\/Diseno-sin-titulo-2024-07-19T113431.553-768x520.webp 768w, https:\/\/pensioncredencial.com\/wp-content\/uploads\/2024\/07\/Diseno-sin-titulo-2024-07-19T113431.553-1536x1040.webp 1536w, https:\/\/pensioncredencial.com\/wp-content\/uploads\/2024\/07\/Diseno-sin-titulo-2024-07-19T113431.553-840x569.webp 840w\"\/>\n\t\t\t\t\t            <div class=\"stratum-banner__overlay\"><\/div>\n                <figcaption class=\"stratum-banner__content\">\n\t\t\t\t\t<div class=\"stratum-banner__content-wrapper\">\n\t\t\t\t\t\t<div class=\"stratum-banner__content-container\">\n\t\t\t\t\t\t\t<h5 class=\"stratum-banner__title\">CREDENCIAL PLANAS<\/h5>\n\t\t\t\t\t\t\t<div class=\"stratum-banner__text\">Os nossos apartamentos foram concebidos para proporcionar uma estadia confort\u00e1vel e relaxante, com todas as comodidades modernas de que necessitas.<\/div>\n\t\t\t\t\t\t<\/div>\n                    <\/div>\n                <\/figcaption>\n            <\/div>\n\t\t    <\/a>\n<\/figure>\n\t\t\t\t<\/div>\n\t\t\t\t<\/div>\n\t\t\t\t<\/div>\n\t\t\t\t<\/div>\n\t\t\t\t\t<\/div>\n\t\t\t\t<\/div>\n\t\t\t\t<\/div>\n\t\t","protected":false},"excerpt":{"rendered":"<p>Na Pensi\u00f3n Credencial, preocupamo-nos com a tua experi\u00eancia. Se tiveres alguma d\u00favida, precisares de informa\u00e7\u00f5es adicionais ou desejares fazer uma reserva, n\u00e3o hesites em contactar-nos. A nossa equipa est\u00e1 dispon\u00edvel para te ajudar em tudo o que precisares. R. Peregrino, 48, 27600 Sarria, Lugo +34 982 87 64 55 info@pensioncredencial.com Tens alguma pergunta? Estamos aqui &hellip; <a href=\"https:\/\/pensioncredencial.com\/pt-pt\/contacto\/\" class=\"more-link\">Continue reading<span class=\"screen-reader-text\"> &#8220;Contacto&#8221;<\/span><\/a><\/p>\n","protected":false},"author":1,"featured_media":1920,"parent":0,"menu_order":0,"comment_status":"closed","ping_status":"closed","template":"template-full-width-page.php","meta":{"footnotes":""},"class_list":["post-2065","page","type-page","status-publish","has-post-thumbnail","hentry"],"jetpack_sharing_enabled":true,"_links":{"self":[{"href":"https:\/\/pensioncredencial.com\/pt-pt\/wp-json\/wp\/v2\/pages\/2065","targetHints":{"allow":["GET"]}}],"collection":[{"href":"https:\/\/pensioncredencial.com\/pt-pt\/wp-json\/wp\/v2\/pages"}],"about":[{"href":"https:\/\/pensioncredencial.com\/pt-pt\/wp-json\/wp\/v2\/types\/page"}],"author":[{"embeddable":true,"href":"https:\/\/pensioncredencial.com\/pt-pt\/wp-json\/wp\/v2\/users\/1"}],"replies":[{"embeddable":true,"href":"https:\/\/pensioncredencial.com\/pt-pt\/wp-json\/wp\/v2\/comments?post=2065"}],"version-history":[{"count":0,"href":"https:\/\/pensioncredencial.com\/pt-pt\/wp-json\/wp\/v2\/pages\/2065\/revisions"}],"wp:featuredmedia":[{"embeddable":true,"href":"https:\/\/pensioncredencial.com\/pt-pt\/wp-json\/wp\/v2\/media\/1920"}],"wp:attachment":[{"href":"https:\/\/pensioncredencial.com\/pt-pt\/wp-json\/wp\/v2\/media?parent=2065"}],"curies":[{"name":"wp","href":"https:\/\/api.w.org\/{rel}","templated":true}]}}